{"id":189,"date":"2025-08-28T11:02:42","date_gmt":"2025-08-28T11:02:42","guid":{"rendered":"https:\/\/krisztinafaludi.dk\/?page_id=189"},"modified":"2025-09-03T10:01:21","modified_gmt":"2025-09-03T10:01:21","slug":"hvad-er-zoneterapi","status":"publish","type":"page","link":"https:\/\/krisztinafaludi.dk\/?page_id=189","title":{"rendered":"Hvad er Zoneterapi"},"content":{"rendered":"\n<p><strong>Zoneterapi \u2013 balance, ro og fornyet energi<\/strong><br>Zoneterapi er en naturlig og anerkendt behandlingsform, hvor tryk og massage p\u00e5 bestemte zoner under f\u00f8dderne stimulerer kroppens organer, muskler og nervesystem. Hver zone h\u00e6nger sammen med et omr\u00e5de i kroppen \u2013 og n\u00e5r zonerne aktiveres, hj\u00e6lpes kroppen til at slippe sp\u00e6ndinger, finde ro og genoprette balancen.<\/p>\n\n\n\n<div class=\"wp-block-media-text has-media-on-the-right is-stacked-on-mobile is-image-fill-element\" style=\"grid-template-columns:auto 51%\"><div class=\"wp-block-media-text__content\">\n<p>Mange oplever, at zoneterapi kan lindre:<br><br>&#8211; Nakke-, ryg og l\u00e6nesmerter<br>&#8211; Smerter og sp\u00e6ndinger<br>&#8211; Hormonelle ubalancer<br>&#8211; Ford\u00f8jelsesproblemer<br>&#8211; S\u00f8vnproblemer og tr\u00e6thed<br>&#8211; Migr\u00e6ne<\/p>\n\n\n\n<p>Hvis du \u00f8nsker at f\u00e5 behandlet et helbredsproblem med zoneterapi, anbefaler jeg at starte intensivt med \u00e9n gang om ugen og deltage i et forl\u00f8b. Antallet af behandlinger vurderer jeg efter f\u00f8rste behandling.<\/p>\n\n\n\n<p>Efter behandlingen kan symptomerne forst\u00e6rkes, man kan f\u00f8le tr\u00e6thed, og urinen kan \u00e6ndre farve, men dette er netop tegn p\u00e5, at udrensningsprocessen er i gang, og at de sm\u00e5 aflejringer, der i \u00e5revis har samlet sig i foden, begynder at l\u00f8sne sig. Dermed kan det ber\u00f8rte organ f\u00e5 lov til at \u00e5nde frit igen. Man skal ikke blive forskr\u00e6kket og afbryde behandlingen p\u00e5 dette tidspunkt \u2013 inden for f\u00e5 dage vil man m\u00e6rke den gavnlige virkning.<\/p>\n<\/div><figure class=\"wp-block-media-text__media\"><img loading=\"lazy\" decoding=\"async\" width=\"768\" height=\"1024\" src=\"https:\/\/krisztinafaludi.dk\/wp-content\/uploads\/2025\/09\/D69A03B5-C9C0-4F9A-8802-3B7A1DD8ABEE-768x1024.jpeg\" alt=\"\" class=\"wp-image-224 size-full\" style=\"object-position:60% 71%\" srcset=\"https:\/\/krisztinafaludi.dk\/wp-content\/uploads\/2025\/09\/D69A03B5-C9C0-4F9A-8802-3B7A1DD8ABEE-768x1024.jpeg 768w, https:\/\/krisztinafaludi.dk\/wp-content\/uploads\/2025\/09\/D69A03B5-C9C0-4F9A-8802-3B7A1DD8ABEE-225x300.jpeg 225w, https:\/\/krisztinafaludi.dk\/wp-content\/uploads\/2025\/09\/D69A03B5-C9C0-4F9A-8802-3B7A1DD8ABEE-1152x1536.jpeg 1152w, https:\/\/krisztinafaludi.dk\/wp-content\/uploads\/2025\/09\/D69A03B5-C9C0-4F9A-8802-3B7A1DD8ABEE-1536x2048.jpeg 1536w, https:\/\/krisztinafaludi.dk\/wp-content\/uploads\/2025\/09\/D69A03B5-C9C0-4F9A-8802-3B7A1DD8ABEE-1170x1560.jpeg 1170w, https:\/\/krisztinafaludi.dk\/wp-content\/uploads\/2025\/09\/D69A03B5-C9C0-4F9A-8802-3B7A1DD8ABEE-scaled.jpeg 1920w\" sizes=\"auto, (max-width: 768px) 100vw, 768px\" \/><\/figure><\/div>\n\n\n\n<p>Jeg bruger nogle redskaber til at stimulere fodens reflekszoner mere m\u00e5lrettet \u2013 dette kan give et kraftigere tryk og dermed en mere intens oplevelse. Behandlingen er m\u00e5lrettet til den enkeltes situation.<br><br>Allerede efter f\u00e5 behandlinger kan du m\u00e6rke forskellen \u2013 din krop vil takke dig.<\/p>\n\n\n\n<p><\/p>\n","protected":false},"excerpt":{"rendered":"<p>Zoneterapi \u2013 balance, ro og fornyet energiZoneterapi er en naturlig og anerkendt behandlingsform, hvor tryk og massage p\u00e5 bestemte zoner under f\u00f8dderne stimulerer kroppens organer, muskler og nervesystem. Hver zone h\u00e6nger sammen med et omr\u00e5de i kroppen \u2013 og n\u00e5r zonerne aktiveres, hj\u00e6lpes kroppen til at slippe sp\u00e6ndinger, finde ro og genoprette balancen. Mange oplever, [&hellip;]<\/p>\n","protected":false},"author":1,"featured_media":0,"parent":0,"menu_order":0,"comment_status":"closed","ping_status":"closed","template":"","meta":{"_uag_custom_page_level_css":"","footnotes":""},"class_list":["post-189","page","type-page","status-publish","hentry"],"yoast_head":"<!-- This site is optimized with the Yoast SEO plugin v26.1 - https:\/\/yoast.com\/wordpress\/plugins\/seo\/ -->\n<title>Hvad er Zoneterapi - REFLEXOLOGY<\/title>\n<meta name=\"robots\" content=\"index, follow, max-snippet:-1, max-image-preview:large, max-video-preview:-1\" \/>\n<link rel=\"canonical\" href=\"https:\/\/krisztinafaludi.dk\/?page_id=189\" \/>\n<meta property=\"og:locale\" content=\"da_DK\" \/>\n<meta property=\"og:type\" content=\"article\" \/>\n<meta property=\"og:title\" content=\"Hvad er Zoneterapi - REFLEXOLOGY\" \/>\n<meta property=\"og:description\" content=\"Zoneterapi \u2013 balance, ro og fornyet energiZoneterapi er en naturlig og anerkendt behandlingsform, hvor tryk og massage p\u00e5 bestemte zoner under f\u00f8dderne stimulerer kroppens organer, muskler og nervesystem. Hver zone h\u00e6nger sammen med et omr\u00e5de i kroppen \u2013 og n\u00e5r zonerne aktiveres, hj\u00e6lpes kroppen til at slippe sp\u00e6ndinger, finde ro og genoprette balancen. Mange oplever, [&hellip;]\" \/>\n<meta property=\"og:url\" content=\"https:\/\/krisztinafaludi.dk\/?page_id=189\" \/>\n<meta property=\"og:site_name\" content=\"REFLEXOLOGY\" \/>\n<meta property=\"article:modified_time\" content=\"2025-09-03T10:01:21+00:00\" \/>\n<meta property=\"og:image\" content=\"https:\/\/krisztinafaludi.dk\/wp-content\/uploads\/2025\/09\/D69A03B5-C9C0-4F9A-8802-3B7A1DD8ABEE-scaled.jpeg\" \/>\n\t<meta property=\"og:image:width\" content=\"1920\" \/>\n\t<meta property=\"og:image:height\" content=\"2560\" \/>\n\t<meta property=\"og:image:type\" content=\"image\/jpeg\" \/>\n<meta name=\"twitter:card\" content=\"summary_large_image\" \/>\n<meta name=\"twitter:label1\" content=\"Estimeret l\u00e6setid\" \/>\n\t<meta name=\"twitter:data1\" content=\"2 minutter\" \/>\n<script type=\"application\/ld+json\" class=\"yoast-schema-graph\">{\"@context\":\"https:\/\/schema.org\",\"@graph\":[{\"@type\":\"WebPage\",\"@id\":\"https:\/\/krisztinafaludi.dk\/?page_id=189\",\"url\":\"https:\/\/krisztinafaludi.dk\/?page_id=189\",\"name\":\"Hvad er Zoneterapi - REFLEXOLOGY\",\"isPartOf\":{\"@id\":\"https:\/\/krisztinafaludi.dk\/#website\"},\"primaryImageOfPage\":{\"@id\":\"https:\/\/krisztinafaludi.dk\/?page_id=189#primaryimage\"},\"image\":{\"@id\":\"https:\/\/krisztinafaludi.dk\/?page_id=189#primaryimage\"},\"thumbnailUrl\":\"https:\/\/krisztinafaludi.dk\/wp-content\/uploads\/2025\/09\/D69A03B5-C9C0-4F9A-8802-3B7A1DD8ABEE-768x1024.jpeg\",\"datePublished\":\"2025-08-28T11:02:42+00:00\",\"dateModified\":\"2025-09-03T10:01:21+00:00\",\"breadcrumb\":{\"@id\":\"https:\/\/krisztinafaludi.dk\/?page_id=189#breadcrumb\"},\"inLanguage\":\"da-DK\",\"potentialAction\":[{\"@type\":\"ReadAction\",\"target\":[\"https:\/\/krisztinafaludi.dk\/?page_id=189\"]}]},{\"@type\":\"ImageObject\",\"inLanguage\":\"da-DK\",\"@id\":\"https:\/\/krisztinafaludi.dk\/?page_id=189#primaryimage\",\"url\":\"https:\/\/krisztinafaludi.dk\/wp-content\/uploads\/2025\/09\/D69A03B5-C9C0-4F9A-8802-3B7A1DD8ABEE-scaled.jpeg\",\"contentUrl\":\"https:\/\/krisztinafaludi.dk\/wp-content\/uploads\/2025\/09\/D69A03B5-C9C0-4F9A-8802-3B7A1DD8ABEE-scaled.jpeg\",\"width\":1920,\"height\":2560},{\"@type\":\"BreadcrumbList\",\"@id\":\"https:\/\/krisztinafaludi.dk\/?page_id=189#breadcrumb\",\"itemListElement\":[{\"@type\":\"ListItem\",\"position\":1,\"name\":\"Home\",\"item\":\"https:\/\/krisztinafaludi.dk\/\"},{\"@type\":\"ListItem\",\"position\":2,\"name\":\"Hvad er Zoneterapi\"}]},{\"@type\":\"WebSite\",\"@id\":\"https:\/\/krisztinafaludi.dk\/#website\",\"url\":\"https:\/\/krisztinafaludi.dk\/\",\"name\":\"REFLEXOLOGY\",\"description\":\"zoneterapi\",\"potentialAction\":[{\"@type\":\"SearchAction\",\"target\":{\"@type\":\"EntryPoint\",\"urlTemplate\":\"https:\/\/krisztinafaludi.dk\/?s={search_term_string}\"},\"query-input\":{\"@type\":\"PropertyValueSpecification\",\"valueRequired\":true,\"valueName\":\"search_term_string\"}}],\"inLanguage\":\"da-DK\"}]}<\/script>\n<!-- \/ Yoast SEO plugin. -->","yoast_head_json":{"title":"Hvad er Zoneterapi - REFLEXOLOGY","robots":{"index":"index","follow":"follow","max-snippet":"max-snippet:-1","max-image-preview":"max-image-preview:large","max-video-preview":"max-video-preview:-1"},"canonical":"https:\/\/krisztinafaludi.dk\/?page_id=189","og_locale":"da_DK","og_type":"article","og_title":"Hvad er Zoneterapi - REFLEXOLOGY","og_description":"Zoneterapi \u2013 balance, ro og fornyet energiZoneterapi er en naturlig og anerkendt behandlingsform, hvor tryk og massage p\u00e5 bestemte zoner under f\u00f8dderne stimulerer kroppens organer, muskler og nervesystem. Hver zone h\u00e6nger sammen med et omr\u00e5de i kroppen \u2013 og n\u00e5r zonerne aktiveres, hj\u00e6lpes kroppen til at slippe sp\u00e6ndinger, finde ro og genoprette balancen. Mange oplever, [&hellip;]","og_url":"https:\/\/krisztinafaludi.dk\/?page_id=189","og_site_name":"REFLEXOLOGY","article_modified_time":"2025-09-03T10:01:21+00:00","og_image":[{"width":1920,"height":2560,"url":"https:\/\/krisztinafaludi.dk\/wp-content\/uploads\/2025\/09\/D69A03B5-C9C0-4F9A-8802-3B7A1DD8ABEE-scaled.jpeg","type":"image\/jpeg"}],"twitter_card":"summary_large_image","twitter_misc":{"Estimeret l\u00e6setid":"2 minutter"},"schema":{"@context":"https:\/\/schema.org","@graph":[{"@type":"WebPage","@id":"https:\/\/krisztinafaludi.dk\/?page_id=189","url":"https:\/\/krisztinafaludi.dk\/?page_id=189","name":"Hvad er Zoneterapi - REFLEXOLOGY","isPartOf":{"@id":"https:\/\/krisztinafaludi.dk\/#website"},"primaryImageOfPage":{"@id":"https:\/\/krisztinafaludi.dk\/?page_id=189#primaryimage"},"image":{"@id":"https:\/\/krisztinafaludi.dk\/?page_id=189#primaryimage"},"thumbnailUrl":"https:\/\/krisztinafaludi.dk\/wp-content\/uploads\/2025\/09\/D69A03B5-C9C0-4F9A-8802-3B7A1DD8ABEE-768x1024.jpeg","datePublished":"2025-08-28T11:02:42+00:00","dateModified":"2025-09-03T10:01:21+00:00","breadcrumb":{"@id":"https:\/\/krisztinafaludi.dk\/?page_id=189#breadcrumb"},"inLanguage":"da-DK","potentialAction":[{"@type":"ReadAction","target":["https:\/\/krisztinafaludi.dk\/?page_id=189"]}]},{"@type":"ImageObject","inLanguage":"da-DK","@id":"https:\/\/krisztinafaludi.dk\/?page_id=189#primaryimage","url":"https:\/\/krisztinafaludi.dk\/wp-content\/uploads\/2025\/09\/D69A03B5-C9C0-4F9A-8802-3B7A1DD8ABEE-scaled.jpeg","contentUrl":"https:\/\/krisztinafaludi.dk\/wp-content\/uploads\/2025\/09\/D69A03B5-C9C0-4F9A-8802-3B7A1DD8ABEE-scaled.jpeg","width":1920,"height":2560},{"@type":"BreadcrumbList","@id":"https:\/\/krisztinafaludi.dk\/?page_id=189#breadcrumb","itemListElement":[{"@type":"ListItem","position":1,"name":"Home","item":"https:\/\/krisztinafaludi.dk\/"},{"@type":"ListItem","position":2,"name":"Hvad er Zoneterapi"}]},{"@type":"WebSite","@id":"https:\/\/krisztinafaludi.dk\/#website","url":"https:\/\/krisztinafaludi.dk\/","name":"REFLEXOLOGY","description":"zoneterapi","potentialAction":[{"@type":"SearchAction","target":{"@type":"EntryPoint","urlTemplate":"https:\/\/krisztinafaludi.dk\/?s={search_term_string}"},"query-input":{"@type":"PropertyValueSpecification","valueRequired":true,"valueName":"search_term_string"}}],"inLanguage":"da-DK"}]}},"uagb_featured_image_src":{"full":false,"thumbnail":false,"medium":false,"medium_large":false,"large":false,"1536x1536":false,"2048x2048":false,"post-thumbnail":false},"uagb_author_info":{"display_name":"Kriszti","author_link":"https:\/\/krisztinafaludi.dk\/?author=1"},"uagb_comment_info":0,"uagb_excerpt":"Zoneterapi \u2013 balance, ro og fornyet energiZoneterapi er en naturlig og anerkendt behandlingsform, hvor tryk og massage p\u00e5 bestemte zoner under f\u00f8dderne stimulerer kroppens organer, muskler og nervesystem. Hver zone h\u00e6nger sammen med et omr\u00e5de i kroppen \u2013 og n\u00e5r zonerne aktiveres, hj\u00e6lpes kroppen til at slippe sp\u00e6ndinger, finde ro og genoprette balancen. Mange oplever,&hellip;","_links":{"self":[{"href":"https:\/\/krisztinafaludi.dk\/index.php?rest_route=\/wp\/v2\/pages\/189","targetHints":{"allow":["GET"]}}],"collection":[{"href":"https:\/\/krisztinafaludi.dk\/index.php?rest_route=\/wp\/v2\/pages"}],"about":[{"href":"https:\/\/krisztinafaludi.dk\/index.php?rest_route=\/wp\/v2\/types\/page"}],"author":[{"embeddable":true,"href":"https:\/\/krisztinafaludi.dk\/index.php?rest_route=\/wp\/v2\/users\/1"}],"replies":[{"embeddable":true,"href":"https:\/\/krisztinafaludi.dk\/index.php?rest_route=%2Fwp%2Fv2%2Fcomments&post=189"}],"version-history":[{"count":5,"href":"https:\/\/krisztinafaludi.dk\/index.php?rest_route=\/wp\/v2\/pages\/189\/revisions"}],"predecessor-version":[{"id":226,"href":"https:\/\/krisztinafaludi.dk\/index.php?rest_route=\/wp\/v2\/pages\/189\/revisions\/226"}],"wp:attachment":[{"href":"https:\/\/krisztinafaludi.dk\/index.php?rest_route=%2Fwp%2Fv2%2Fmedia&parent=189"}],"curies":[{"name":"wp","href":"https:\/\/api.w.org\/{rel}","templated":true}]}}