{"id":56,"date":"2025-08-25T08:30:03","date_gmt":"2025-08-25T08:30:03","guid":{"rendered":"https:\/\/krisztinafaludi.dk\/?page_id=56"},"modified":"2025-09-03T08:18:09","modified_gmt":"2025-09-03T08:18:09","slug":"home","status":"publish","type":"page","link":"https:\/\/krisztinafaludi.dk\/","title":{"rendered":"Krisztina Faludi"},"content":{"rendered":"\n<div class=\"wp-block-media-text alignwide has-media-on-the-right is-stacked-on-mobile is-image-fill-element\" style=\"grid-template-columns:auto 49%\"><div class=\"wp-block-media-text__content\">\n<p>Jeg tror p\u00e5, at kroppen aldrig lyver.<br>Den pr\u00f8ver at fort\u00e6lle os noget, n\u00e5r vi har ondt, f\u00f8ler os tr\u00e6tte, urolige eller ude af balance.<br>Min dybeste drivkraft er at hj\u00e6lpe mennesker med at genoprette forbindelsen til deres krop \u2013 at skabe lindring, ro og balance d\u00e9r, hvor der i lang tid har v\u00e6ret uro eller smerte.<\/p>\n\n\n\n<p>Jeg g\u00f8r det, fordi jeg ved, at \u00e6gte forandring er mulig.<br>Ikke gennem hurtige l\u00f8sninger, men gennem n\u00e6rv\u00e6r, forst\u00e5else og de rette impulser til kroppen.<br>Det er mit kald \u2013 og det, jeg har viet mit arbejdsliv til.<\/p>\n\n\n\n<p>Jeg tilbyder en s\u00e6rlig form for zoneterapi, som du ikke finder andre steder i Danmark.<br>Det er en metode, jeg har finpudset over mere end 20 \u00e5r \u2013 baseret p\u00e5 klassisk zoneterapi og avancerede teknikker, jeg har l\u00e6rt i udlandet.<\/p>\n\n\n\n<p>Mine behandlinger henvender sig til dig, der m\u00e6rker, at noget i kroppen kalder p\u00e5 hj\u00e6lp:<br>smerter, stress, hormonelle ubalancer, ford\u00f8jelsesproblemer, uro eller en generel f\u00f8lelse af, at kroppen ikke trives, som den burde.<\/p>\n\n\n\n<p>Jeg arbejder dybt, fokuseret og med dig i centrum.<br>Min behandling er ikke en rutine \u2013 den er skr\u00e6ddersyet til din krop og din situation.<br>Jeg lytter, observerer og behandler med en s\u00e6rlig teknik, som skaber m\u00e6rkbare resultater \u2013 ofte allerede efter f\u00f8rste gang.<\/p>\n\n\n\n<p>Det er ikke kun dine f\u00f8dder, jeg arbejder med \u2013 det er hele dig.<br>Min tilgang er holistisk, n\u00e6nsom og kraftfuld p\u00e5 samme tid. Jeg g\u00e5r bagom symptomerne og hj\u00e6lper kroppen med at finde vej tilbage til sin egen balance.<\/p>\n<\/div><figure class=\"wp-block-media-text__media\"><img loading=\"lazy\" decoding=\"async\" width=\"683\" height=\"1024\" src=\"https:\/\/krisztinafaludi.dk\/wp-content\/uploads\/2025\/08\/krisztina-683x1024.jpg\" alt=\"\" class=\"wp-image-15 size-full\" style=\"object-position:4% 29%\" srcset=\"https:\/\/krisztinafaludi.dk\/wp-content\/uploads\/2025\/08\/krisztina-683x1024.jpg 683w, https:\/\/krisztinafaludi.dk\/wp-content\/uploads\/2025\/08\/krisztina-200x300.jpg 200w, https:\/\/krisztinafaludi.dk\/wp-content\/uploads\/2025\/08\/krisztina-768x1152.jpg 768w, https:\/\/krisztinafaludi.dk\/wp-content\/uploads\/2025\/08\/krisztina.jpg 808w\" sizes=\"auto, (max-width: 683px) 100vw, 683px\" \/><\/figure><\/div>\n","protected":false},"excerpt":{"rendered":"<p>Jeg tror p\u00e5, at kroppen aldrig lyver.Den pr\u00f8ver at fort\u00e6lle os noget, n\u00e5r vi har ondt, f\u00f8ler os tr\u00e6tte, urolige eller ude af balance.Min dybeste drivkraft er at hj\u00e6lpe mennesker med at genoprette forbindelsen til deres krop \u2013 at skabe lindring, ro og balance d\u00e9r, hvor der i lang tid har v\u00e6ret uro eller smerte. [&hellip;]<\/p>\n","protected":false},"author":1,"featured_media":0,"parent":0,"menu_order":0,"comment_status":"closed","ping_status":"closed","template":"","meta":{"_uag_custom_page_level_css":"","footnotes":""},"class_list":["post-56","page","type-page","status-publish","hentry"],"yoast_head":"<!-- This site is optimized with the Yoast SEO plugin v26.1 - https:\/\/yoast.com\/wordpress\/plugins\/seo\/ -->\n<title>Krisztina Faludi - REFLEXOLOGY<\/title>\n<meta name=\"robots\" content=\"index, follow, max-snippet:-1, max-image-preview:large, max-video-preview:-1\" \/>\n<link rel=\"canonical\" href=\"https:\/\/krisztinafaludi.dk\/\" \/>\n<meta property=\"og:locale\" content=\"da_DK\" \/>\n<meta property=\"og:type\" content=\"article\" \/>\n<meta property=\"og:title\" content=\"Krisztina Faludi - REFLEXOLOGY\" \/>\n<meta property=\"og:description\" content=\"Jeg tror p\u00e5, at kroppen aldrig lyver.Den pr\u00f8ver at fort\u00e6lle os noget, n\u00e5r vi har ondt, f\u00f8ler os tr\u00e6tte, urolige eller ude af balance.Min dybeste drivkraft er at hj\u00e6lpe mennesker med at genoprette forbindelsen til deres krop \u2013 at skabe lindring, ro og balance d\u00e9r, hvor der i lang tid har v\u00e6ret uro eller smerte. [&hellip;]\" \/>\n<meta property=\"og:url\" content=\"https:\/\/krisztinafaludi.dk\/\" \/>\n<meta property=\"og:site_name\" content=\"REFLEXOLOGY\" \/>\n<meta property=\"article:modified_time\" content=\"2025-09-03T08:18:09+00:00\" \/>\n<meta property=\"og:image\" content=\"https:\/\/krisztinafaludi.dk\/wp-content\/uploads\/2025\/08\/krisztina.jpg\" \/>\n\t<meta property=\"og:image:width\" content=\"808\" \/>\n\t<meta property=\"og:image:height\" content=\"1212\" \/>\n\t<meta property=\"og:image:type\" content=\"image\/jpeg\" \/>\n<meta name=\"twitter:card\" content=\"summary_large_image\" \/>\n<script type=\"application\/ld+json\" class=\"yoast-schema-graph\">{\"@context\":\"https:\/\/schema.org\",\"@graph\":[{\"@type\":\"WebPage\",\"@id\":\"https:\/\/krisztinafaludi.dk\/\",\"url\":\"https:\/\/krisztinafaludi.dk\/\",\"name\":\"Krisztina Faludi - REFLEXOLOGY\",\"isPartOf\":{\"@id\":\"https:\/\/krisztinafaludi.dk\/#website\"},\"primaryImageOfPage\":{\"@id\":\"https:\/\/krisztinafaludi.dk\/#primaryimage\"},\"image\":{\"@id\":\"https:\/\/krisztinafaludi.dk\/#primaryimage\"},\"thumbnailUrl\":\"https:\/\/krisztinafaludi.dk\/wp-content\/uploads\/2025\/08\/krisztina-683x1024.jpg\",\"datePublished\":\"2025-08-25T08:30:03+00:00\",\"dateModified\":\"2025-09-03T08:18:09+00:00\",\"breadcrumb\":{\"@id\":\"https:\/\/krisztinafaludi.dk\/#breadcrumb\"},\"inLanguage\":\"da-DK\",\"potentialAction\":[{\"@type\":\"ReadAction\",\"target\":[\"https:\/\/krisztinafaludi.dk\/\"]}]},{\"@type\":\"ImageObject\",\"inLanguage\":\"da-DK\",\"@id\":\"https:\/\/krisztinafaludi.dk\/#primaryimage\",\"url\":\"https:\/\/krisztinafaludi.dk\/wp-content\/uploads\/2025\/08\/krisztina.jpg\",\"contentUrl\":\"https:\/\/krisztinafaludi.dk\/wp-content\/uploads\/2025\/08\/krisztina.jpg\",\"width\":808,\"height\":1212,\"caption\":\"Screenshot\"},{\"@type\":\"BreadcrumbList\",\"@id\":\"https:\/\/krisztinafaludi.dk\/#breadcrumb\",\"itemListElement\":[{\"@type\":\"ListItem\",\"position\":1,\"name\":\"Home\",\"item\":\"https:\/\/krisztinafaludi.dk\/\"},{\"@type\":\"ListItem\",\"position\":2,\"name\":\"Krisztina Faludi\"}]},{\"@type\":\"WebSite\",\"@id\":\"https:\/\/krisztinafaludi.dk\/#website\",\"url\":\"https:\/\/krisztinafaludi.dk\/\",\"name\":\"REFLEXOLOGY\",\"description\":\"zoneterapi\",\"potentialAction\":[{\"@type\":\"SearchAction\",\"target\":{\"@type\":\"EntryPoint\",\"urlTemplate\":\"https:\/\/krisztinafaludi.dk\/?s={search_term_string}\"},\"query-input\":{\"@type\":\"PropertyValueSpecification\",\"valueRequired\":true,\"valueName\":\"search_term_string\"}}],\"inLanguage\":\"da-DK\"}]}<\/script>\n<!-- \/ Yoast SEO plugin. -->","yoast_head_json":{"title":"Krisztina Faludi - REFLEXOLOGY","robots":{"index":"index","follow":"follow","max-snippet":"max-snippet:-1","max-image-preview":"max-image-preview:large","max-video-preview":"max-video-preview:-1"},"canonical":"https:\/\/krisztinafaludi.dk\/","og_locale":"da_DK","og_type":"article","og_title":"Krisztina Faludi - REFLEXOLOGY","og_description":"Jeg tror p\u00e5, at kroppen aldrig lyver.Den pr\u00f8ver at fort\u00e6lle os noget, n\u00e5r vi har ondt, f\u00f8ler os tr\u00e6tte, urolige eller ude af balance.Min dybeste drivkraft er at hj\u00e6lpe mennesker med at genoprette forbindelsen til deres krop \u2013 at skabe lindring, ro og balance d\u00e9r, hvor der i lang tid har v\u00e6ret uro eller smerte. [&hellip;]","og_url":"https:\/\/krisztinafaludi.dk\/","og_site_name":"REFLEXOLOGY","article_modified_time":"2025-09-03T08:18:09+00:00","og_image":[{"width":808,"height":1212,"url":"https:\/\/krisztinafaludi.dk\/wp-content\/uploads\/2025\/08\/krisztina.jpg","type":"image\/jpeg"}],"twitter_card":"summary_large_image","schema":{"@context":"https:\/\/schema.org","@graph":[{"@type":"WebPage","@id":"https:\/\/krisztinafaludi.dk\/","url":"https:\/\/krisztinafaludi.dk\/","name":"Krisztina Faludi - REFLEXOLOGY","isPartOf":{"@id":"https:\/\/krisztinafaludi.dk\/#website"},"primaryImageOfPage":{"@id":"https:\/\/krisztinafaludi.dk\/#primaryimage"},"image":{"@id":"https:\/\/krisztinafaludi.dk\/#primaryimage"},"thumbnailUrl":"https:\/\/krisztinafaludi.dk\/wp-content\/uploads\/2025\/08\/krisztina-683x1024.jpg","datePublished":"2025-08-25T08:30:03+00:00","dateModified":"2025-09-03T08:18:09+00:00","breadcrumb":{"@id":"https:\/\/krisztinafaludi.dk\/#breadcrumb"},"inLanguage":"da-DK","potentialAction":[{"@type":"ReadAction","target":["https:\/\/krisztinafaludi.dk\/"]}]},{"@type":"ImageObject","inLanguage":"da-DK","@id":"https:\/\/krisztinafaludi.dk\/#primaryimage","url":"https:\/\/krisztinafaludi.dk\/wp-content\/uploads\/2025\/08\/krisztina.jpg","contentUrl":"https:\/\/krisztinafaludi.dk\/wp-content\/uploads\/2025\/08\/krisztina.jpg","width":808,"height":1212,"caption":"Screenshot"},{"@type":"BreadcrumbList","@id":"https:\/\/krisztinafaludi.dk\/#breadcrumb","itemListElement":[{"@type":"ListItem","position":1,"name":"Home","item":"https:\/\/krisztinafaludi.dk\/"},{"@type":"ListItem","position":2,"name":"Krisztina Faludi"}]},{"@type":"WebSite","@id":"https:\/\/krisztinafaludi.dk\/#website","url":"https:\/\/krisztinafaludi.dk\/","name":"REFLEXOLOGY","description":"zoneterapi","potentialAction":[{"@type":"SearchAction","target":{"@type":"EntryPoint","urlTemplate":"https:\/\/krisztinafaludi.dk\/?s={search_term_string}"},"query-input":{"@type":"PropertyValueSpecification","valueRequired":true,"valueName":"search_term_string"}}],"inLanguage":"da-DK"}]}},"uagb_featured_image_src":{"full":false,"thumbnail":false,"medium":false,"medium_large":false,"large":false,"1536x1536":false,"2048x2048":false,"post-thumbnail":false},"uagb_author_info":{"display_name":"Kriszti","author_link":"https:\/\/krisztinafaludi.dk\/?author=1"},"uagb_comment_info":0,"uagb_excerpt":"Jeg tror p\u00e5, at kroppen aldrig lyver.Den pr\u00f8ver at fort\u00e6lle os noget, n\u00e5r vi har ondt, f\u00f8ler os tr\u00e6tte, urolige eller ude af balance.Min dybeste drivkraft er at hj\u00e6lpe mennesker med at genoprette forbindelsen til deres krop \u2013 at skabe lindring, ro og balance d\u00e9r, hvor der i lang tid har v\u00e6ret uro eller smerte.&hellip;","_links":{"self":[{"href":"https:\/\/krisztinafaludi.dk\/index.php?rest_route=\/wp\/v2\/pages\/56","targetHints":{"allow":["GET"]}}],"collection":[{"href":"https:\/\/krisztinafaludi.dk\/index.php?rest_route=\/wp\/v2\/pages"}],"about":[{"href":"https:\/\/krisztinafaludi.dk\/index.php?rest_route=\/wp\/v2\/types\/page"}],"author":[{"embeddable":true,"href":"https:\/\/krisztinafaludi.dk\/index.php?rest_route=\/wp\/v2\/users\/1"}],"replies":[{"embeddable":true,"href":"https:\/\/krisztinafaludi.dk\/index.php?rest_route=%2Fwp%2Fv2%2Fcomments&post=56"}],"version-history":[{"count":20,"href":"https:\/\/krisztinafaludi.dk\/index.php?rest_route=\/wp\/v2\/pages\/56\/revisions"}],"predecessor-version":[{"id":213,"href":"https:\/\/krisztinafaludi.dk\/index.php?rest_route=\/wp\/v2\/pages\/56\/revisions\/213"}],"wp:attachment":[{"href":"https:\/\/krisztinafaludi.dk\/index.php?rest_route=%2Fwp%2Fv2%2Fmedia&parent=56"}],"curies":[{"name":"wp","href":"https:\/\/api.w.org\/{rel}","templated":true}]}}